{"id":1344,"date":"2025-05-01T19:02:21","date_gmt":"2025-05-01T19:02:21","guid":{"rendered":"https:\/\/urracalahm.com\/?page_id=1344"},"modified":"2025-08-29T00:45:48","modified_gmt":"2025-08-29T00:45:48","slug":"live","status":"publish","type":"page","link":"http:\/\/urracalahm.com\/pt\/live\/","title":{"rendered":"AO VIVO"},"content":{"rendered":"<p>[et_pb_section fb_built=&#8221;1&#8243; fullwidth=&#8221;on&#8221; _builder_version=&#8221;4.27.2&#8243; _module_preset=&#8221;default&#8221; background_color=&#8221;#000000&#8243; background_enable_image=&#8221;off&#8221; background_enable_video_mp4=&#8221;off&#8221; background_enable_video_webm=&#8221;off&#8221; background_video_width=&#8221;1920&#8243; background_video_height=&#8221;1080&#8243; background_video_pause_outside_viewport=&#8221;off&#8221; min_height=&#8221;800px&#8221; max_height=&#8221;800px&#8221; background_last_edited=&#8221;on|desktop&#8221; global_colors_info=&#8221;{}&#8221;][et_pb_fullwidth_header title=&#8221;The Open Mic Tour&#8221; text_orientation=&#8221;center&#8221; header_fullscreen=&#8221;on&#8221; title_tablet=&#8221;The Open Mic Tour&#8221; title_phone=&#8221;Open mics&#8221; title_last_edited=&#8221;on|phone&#8221; _builder_version=&#8221;4.27.4&#8243; _module_preset=&#8221;default&#8221; title_font=&#8221;Work Sans|100|||||||&#8221; title_text_align=&#8221;center&#8221; title_font_size=&#8221;60px&#8221; background_enable_color=&#8221;off&#8221; use_background_color_gradient=&#8221;on&#8221; background_color_gradient_stops=&#8221;rgba(255,255,255,0) 32%|#000000 100%&#8221; background_color_gradient_overlays_image=&#8221;on&#8221; background_image=&#8221;https:\/\/urracalahm.com\/wp-content\/uploads\/2025\/05\/page-live.jpg&#8221; background_position=&#8221;top_center&#8221; min_height=&#8221;600px&#8221; max_height=&#8221;700px&#8221; title_font_size_tablet=&#8221;60px&#8221; title_font_size_phone=&#8221;50px&#8221; title_font_size_last_edited=&#8221;on|phone&#8221; global_colors_info=&#8221;{}&#8221;][\/et_pb_fullwidth_header][\/et_pb_section][et_pb_section fb_built=&#8221;1&#8243; _builder_version=&#8221;4.19.1&#8243; _module_preset=&#8221;default&#8221; background_color=&#8221;#000000&#8243; global_colors_info=&#8221;{}&#8221;][et_pb_row column_structure=&#8221;1_3,2_3&#8243; _builder_version=&#8221;4.27.4&#8243; _module_preset=&#8221;default&#8221; global_colors_info=&#8221;{}&#8221;][et_pb_column type=&#8221;1_3&#8243; _builder_version=&#8221;4.27.4&#8243; _module_preset=&#8221;default&#8221; global_colors_info=&#8221;{}&#8221;][et_pb_gallery gallery_ids=&#8221;1862,1860,1861&#8243; fullwidth=&#8221;on&#8221; admin_label=&#8221;Acad\u00e9mico bar&#8221; _builder_version=&#8221;4.27.4&#8243; _module_preset=&#8221;default&#8221; dbdb_arrows_text_color=&#8221;#FFFFFF&#8221; dbdb_version=&#8221;4.8.1&#8243; dbdb_slider_swipe_mode=&#8221;on&#8221; global_colors_info=&#8221;{}&#8221;][\/et_pb_gallery][\/et_pb_column][et_pb_column type=&#8221;2_3&#8243; _builder_version=&#8221;4.27.4&#8243; _module_preset=&#8221;default&#8221; global_colors_info=&#8221;{}&#8221;][et_pb_text _builder_version=&#8221;4.27.4&#8243; _module_preset=&#8221;default&#8221; text_font=&#8221;Work Sans|300|||||||&#8221; text_font_size=&#8221;16px&#8221; text_letter_spacing=&#8221;1px&#8221; text_line_height=&#8221;1.8em&#8221; header_font=&#8221;Work Sans|700|||||||&#8221; header_line_height=&#8221;0em&#8221; background_layout=&#8221;dark&#8221; custom_margin=&#8221;||||false|false&#8221; hover_enabled=&#8221;0&#8243; border_color_left=&#8221;#c5310d&#8221; global_colors_info=&#8221;{}&#8221; text_line_height__hover_enabled=&#8221;on|desktop&#8221; text_line_height__hover=&#8221;1.8em&#8221; sticky_enabled=&#8221;0&#8243;]<\/p>\n<h4><strong>ACAD\u00c9MICO BAR<\/strong><\/h4>\n<h5><span style=\"color: #ff0000;\">28 AGOSTO 2025<\/span><\/h5>\n<p>Um bar desportivo no Porto com uma excelente Jam Session \u00e0s quintas feiras. Muito material dispon\u00edvel, inclusivamente um piano ac\u00fastico. Foram tocados os dois temas com piano lead. <strong>Setlist:<\/strong> \u201cSomeday\u201d e \u201cStupidities of the Past\u201d.<\/p>\n<p>[\/et_pb_text][\/et_pb_column][\/et_pb_row][et_pb_row column_structure=&#8221;1_3,2_3&#8243; _builder_version=&#8221;4.27.4&#8243; _module_preset=&#8221;default&#8221; global_colors_info=&#8221;{}&#8221;][et_pb_column type=&#8221;1_3&#8243; _builder_version=&#8221;4.27.4&#8243; _module_preset=&#8221;default&#8221; global_colors_info=&#8221;{}&#8221;][et_pb_gallery gallery_ids=&#8221;1464,1465,1466&#8243; fullwidth=&#8221;on&#8221; admin_label=&#8221;Gal rum mavy&#8221; _builder_version=&#8221;4.27.4&#8243; _module_preset=&#8221;default&#8221; dbdb_arrows_text_color=&#8221;#FFFFFF&#8221; dbdb_version=&#8221;4.8.1&#8243; dbdb_slider_swipe_mode=&#8221;on&#8221; global_colors_info=&#8221;{}&#8221;][\/et_pb_gallery][\/et_pb_column][et_pb_column type=&#8221;2_3&#8243; _builder_version=&#8221;4.27.4&#8243; _module_preset=&#8221;default&#8221; global_colors_info=&#8221;{}&#8221;][et_pb_text _builder_version=&#8221;4.27.4&#8243; _module_preset=&#8221;default&#8221; text_font=&#8221;Work Sans|300|||||||&#8221; text_font_size=&#8221;16px&#8221; text_letter_spacing=&#8221;1px&#8221; text_line_height=&#8221;1.8em&#8221; header_font=&#8221;Work Sans|700|||||||&#8221; header_line_height=&#8221;0em&#8221; background_layout=&#8221;dark&#8221; custom_margin=&#8221;||||false|false&#8221; border_color_left=&#8221;#c5310d&#8221; global_colors_info=&#8221;{}&#8221; text_line_height__hover_enabled=&#8221;on|desktop&#8221; text_line_height__hover=&#8221;1.8em&#8221;]<\/p>\n<h4><strong>RUM BY MAVY<\/strong><\/h4>\n<h5><span style=\"color: #ff0000;\">27 ABRIL 2025<\/span><\/h5>\n<p>Um Caf\u00e9 Concerto com m\u00fasica ao vivo em Braga. Um evento chamado \u201cOpen Stage\u201d que acontece por aqui uma vez por m\u00eas. Excelentes condi\u00e7\u00f5es, tanto no palco como em termos de ilumina\u00e7\u00e3o e som. \u00c9 mais um espa\u00e7o de Rock and Roll, mas o som da Urraca foi muito bem recebido pelo p\u00fablico.<strong> Setlist:<\/strong> \u201cLong Time No See\u201d and \u201cInescapable Paradise\u201d.[\/et_pb_text][\/et_pb_column][\/et_pb_row][et_pb_row column_structure=&#8221;1_3,2_3&#8243; _builder_version=&#8221;4.27.4&#8243; _module_preset=&#8221;default&#8221; global_colors_info=&#8221;{}&#8221;][et_pb_column type=&#8221;1_3&#8243; _builder_version=&#8221;4.27.4&#8243; _module_preset=&#8221;default&#8221; global_colors_info=&#8221;{}&#8221;][et_pb_gallery gallery_ids=&#8221;1470,1471,1472,1473&#8243; fullwidth=&#8221;on&#8221; admin_label=&#8221;Gal Route 206&#8243; _builder_version=&#8221;4.27.4&#8243; _module_preset=&#8221;default&#8221; dbdb_arrows_text_color=&#8221;#FFFFFF&#8221; dbdb_version=&#8221;4.8.1&#8243; dbdb_slider_swipe_mode=&#8221;on&#8221; global_colors_info=&#8221;{}&#8221;][\/et_pb_gallery][\/et_pb_column][et_pb_column type=&#8221;2_3&#8243; _builder_version=&#8221;4.27.4&#8243; _module_preset=&#8221;default&#8221; global_colors_info=&#8221;{}&#8221;][et_pb_text _builder_version=&#8221;4.27.4&#8243; _module_preset=&#8221;default&#8221; text_font=&#8221;Work Sans|300|||||||&#8221; text_font_size=&#8221;16px&#8221; text_letter_spacing=&#8221;1px&#8221; text_line_height=&#8221;1.8em&#8221; header_font=&#8221;Work Sans|700|||||||&#8221; header_line_height=&#8221;0em&#8221; background_layout=&#8221;dark&#8221; custom_margin=&#8221;||||false|false&#8221; border_color_left=&#8221;#c5310d&#8221; global_colors_info=&#8221;{}&#8221; text_line_height__hover_enabled=&#8221;on|desktop&#8221; text_line_height__hover=&#8221;1.8em&#8221;]<\/p>\n<h4><strong>BAR ROUTE 206<\/strong><\/h4>\n<h5><span style=\"color: #ff0000;\">24 ABRIL 2025<\/span><\/h5>\n<p>Eduardo Sinatra organiza uma Jam Session semanal neste bar. Ap\u00f3s a atua\u00e7\u00e3o no \u201cCastle Rock\u201d, convidou a Urraca para um set prolongado no \u201cRoute 206\u201d. Mais uma vez, Eduardo e An\u00edbal Andrade na guitarra acompanharam-na em algumas m\u00fasicas. Foi uma noite excelente. Foram interpretadas sete temas. <strong>Setlist:<\/strong> \u201cLong Time No See\u201d, \u201cHalf a Girl\u201d, \u201cI Never Thought\u201d, \u201cWhere If There Was No Forever\u201d, \u201cInescapable Paradise\u201d, \u201cNo Champagne\u201d e \u201cThe Soul of an Actor\u201d<\/p>\n<p>[\/et_pb_text][\/et_pb_column][\/et_pb_row][et_pb_row column_structure=&#8221;1_3,2_3&#8243; _builder_version=&#8221;4.27.4&#8243; _module_preset=&#8221;default&#8221; global_colors_info=&#8221;{}&#8221;][et_pb_column type=&#8221;1_3&#8243; _builder_version=&#8221;4.27.4&#8243; _module_preset=&#8221;default&#8221; global_colors_info=&#8221;{}&#8221;][et_pb_gallery gallery_ids=&#8221;1482,1483,1484,1485&#8243; fullwidth=&#8221;on&#8221; admin_label=&#8221;Gal Castle Rock 2&#8243; _builder_version=&#8221;4.27.4&#8243; _module_preset=&#8221;default&#8221; dbdb_arrows_text_color=&#8221;#FFFFFF&#8221; dbdb_version=&#8221;4.8.1&#8243; dbdb_slider_swipe_mode=&#8221;on&#8221; global_colors_info=&#8221;{}&#8221;][\/et_pb_gallery][\/et_pb_column][et_pb_column type=&#8221;2_3&#8243; _builder_version=&#8221;4.27.4&#8243; _module_preset=&#8221;default&#8221; global_colors_info=&#8221;{}&#8221;][et_pb_text _builder_version=&#8221;4.27.4&#8243; _module_preset=&#8221;default&#8221; text_font=&#8221;Work Sans|300|||||||&#8221; text_font_size=&#8221;16px&#8221; text_letter_spacing=&#8221;1px&#8221; text_line_height=&#8221;1.8em&#8221; header_font=&#8221;Work Sans|700|||||||&#8221; header_line_height=&#8221;0em&#8221; background_layout=&#8221;dark&#8221; custom_margin=&#8221;||||false|false&#8221; border_color_left=&#8221;#c5310d&#8221; global_colors_info=&#8221;{}&#8221; text_line_height__hover_enabled=&#8221;on|desktop&#8221; text_line_height__hover=&#8221;1.8em&#8221;]<\/p>\n<h4><strong>CASTLE ROCK PUB<\/strong><\/h4>\n<h5><span style=\"color: #ff0000;\">16 ABRIL 2025<\/span><\/h5>\n<p>Uma noite verdadeiramente especial. O anfitri\u00e3o do evento, Eduardo Sinatra, esteve incr\u00edvel. A Urraca foi acompanhada em algumas m\u00fasicas pelo pr\u00f3prio Eduardo, que tocou percuss\u00e3o e piano em certos momentos, e por An\u00edbal Andrade na guitarra. Foi uma noite para recordar. Foram interpretadas sete temas originais e ainda alguns covers de Amy Winehouse. <strong>Setlist: <\/strong>\u201cLong Time No See\u201d, \u201cThe Soul of an Actor\u201d, \u201cInescapable Paradise\u201d, \u201cHalf a Girl\u201d, \u201cI Never Thought\u201d, \u201cNo Champagne\u201d e \u201cStupidities of the Past\u201d.<\/p>\n<p>[\/et_pb_text][\/et_pb_column][\/et_pb_row][et_pb_row column_structure=&#8221;1_3,2_3&#8243; _builder_version=&#8221;4.27.4&#8243; _module_preset=&#8221;default&#8221; global_colors_info=&#8221;{}&#8221;][et_pb_column type=&#8221;1_3&#8243; _builder_version=&#8221;4.27.4&#8243; _module_preset=&#8221;default&#8221; global_colors_info=&#8221;{}&#8221;][et_pb_gallery gallery_ids=&#8221;1476,1477,1478,1479&#8243; fullwidth=&#8221;on&#8221; admin_label=&#8221;Gal Pinguim&#8221; _builder_version=&#8221;4.27.4&#8243; _module_preset=&#8221;default&#8221; dbdb_arrows_text_color=&#8221;#FFFFFF&#8221; dbdb_version=&#8221;4.8.1&#8243; dbdb_slider_swipe_mode=&#8221;on&#8221; global_colors_info=&#8221;{}&#8221;][\/et_pb_gallery][\/et_pb_column][et_pb_column type=&#8221;2_3&#8243; _builder_version=&#8221;4.27.4&#8243; _module_preset=&#8221;default&#8221; global_colors_info=&#8221;{}&#8221;][et_pb_text _builder_version=&#8221;4.27.4&#8243; _module_preset=&#8221;default&#8221; text_font=&#8221;Work Sans|300|||||||&#8221; text_font_size=&#8221;16px&#8221; text_letter_spacing=&#8221;1px&#8221; text_line_height=&#8221;1.8em&#8221; header_font=&#8221;Work Sans|700|||||||&#8221; header_line_height=&#8221;0em&#8221; background_layout=&#8221;dark&#8221; custom_margin=&#8221;||||false|false&#8221; border_color_left=&#8221;#c5310d&#8221; global_colors_info=&#8221;{}&#8221; text_line_height__hover_enabled=&#8221;on|desktop&#8221; text_line_height__hover=&#8221;1.8em&#8221;]<\/p>\n<h4><strong>PINGUIM CAF\u00c9<\/strong><\/h4>\n<h5><span style=\"color: #ff0000;\">11 ABRIL 2025<\/span><\/h5>\n<p>O Pinguim Caf\u00e9 est\u00e1 em renova\u00e7\u00e3o e criou um novo evento chamado \u201cA Cave \u00e9 Minha\u201d. \u00c9 convidado um artista para realizar uma atua\u00e7\u00e3o de cerca de 1 hora. Acabou por ser uma esp\u00e9cie de noite de open mic muito especial. Foram interpretadas as 10 m\u00fasicas do \"One Day One Take\", tanto com guitarra como ao piano. <strong>Setlist:<\/strong> \u201cHalf a Girl\u201d, \u201cI Never Thought\u201d, \u201cWhere If There Was No Forever\u201d, \u201cInescapable Paradise\u201d, \u201cStupidities of the Past\u201d, \u201cSomeday\u201d, \u201cThe Soul of an Actor\u201d, \u201cNo Champagne\u201d, \u201cNothing But a Simple Woman\u201d e \u201cLong Time No See\u201d.<\/p>\n<p>[\/et_pb_text][\/et_pb_column][\/et_pb_row][et_pb_row column_structure=&#8221;1_3,2_3&#8243; _builder_version=&#8221;4.27.4&#8243; _module_preset=&#8221;default&#8221; global_colors_info=&#8221;{}&#8221;][et_pb_column type=&#8221;1_3&#8243; _builder_version=&#8221;4.27.4&#8243; _module_preset=&#8221;default&#8221; global_colors_info=&#8221;{}&#8221;][et_pb_gallery gallery_ids=&#8221;1488,1496&#8243; fullwidth=&#8221;on&#8221; admin_label=&#8221;Gal Castle 1&#8243; _builder_version=&#8221;4.27.4&#8243; _module_preset=&#8221;default&#8221; dbdb_arrows_text_color=&#8221;#FFFFFF&#8221; dbdb_version=&#8221;4.8.1&#8243; dbdb_slider_swipe_mode=&#8221;on&#8221; global_colors_info=&#8221;{}&#8221;][\/et_pb_gallery][\/et_pb_column][et_pb_column type=&#8221;2_3&#8243; _builder_version=&#8221;4.27.4&#8243; _module_preset=&#8221;default&#8221; global_colors_info=&#8221;{}&#8221;][et_pb_text _builder_version=&#8221;4.27.4&#8243; _module_preset=&#8221;default&#8221; text_font=&#8221;Work Sans|300|||||||&#8221; text_font_size=&#8221;16px&#8221; text_letter_spacing=&#8221;1px&#8221; text_line_height=&#8221;1.8em&#8221; header_font=&#8221;Work Sans|700|||||||&#8221; header_line_height=&#8221;0em&#8221; background_layout=&#8221;dark&#8221; custom_margin=&#8221;||||false|false&#8221; border_color_left=&#8221;#c5310d&#8221; global_colors_info=&#8221;{}&#8221; text_line_height__hover_enabled=&#8221;on|desktop&#8221; text_line_height__hover=&#8221;1.8em&#8221;]<\/p>\n<h4><strong>CASTLE ROCK PUB<\/strong><\/h4>\n<h5><span style=\"color: #ff0000;\">9 ABRIL 2025<\/span><\/h5>\n<p>Foi uma noite muito divertida e informal. O p\u00fablico esteve bastante envolvido. Foram interpretadas seis m\u00fasicas ao longo da noite. Foi a primeira vez neste bar. Urraca certamente voltar\u00e1 aqui para outra noite de espet\u00e1culo, especialmente porque os anfitri\u00f5es respons\u00e1veis pelo evento variam. Anfitri\u00e3o: Bruno Santos. <strong>Setlist:<\/strong> \u201cLong Time No See\u201d, \u201cInescapable Paradise\u201d, \u201cHalf a Girl\u201d, \u201cStupidities of the Past\u201d, \u201cSomeday\u201d e \u201cUnceremoniously Right\u201d.<\/p>\n<p>[\/et_pb_text][\/et_pb_column][\/et_pb_row][et_pb_row column_structure=&#8221;1_3,2_3&#8243; _builder_version=&#8221;4.27.4&#8243; _module_preset=&#8221;default&#8221; global_colors_info=&#8221;{}&#8221;][et_pb_column type=&#8221;1_3&#8243; _builder_version=&#8221;4.27.4&#8243; _module_preset=&#8221;default&#8221; global_colors_info=&#8221;{}&#8221;][et_pb_gallery gallery_ids=&#8221;1436,1437,1438,1439&#8243; fullwidth=&#8221;on&#8221; admin_label=&#8221;Galcitynizer&#8221; _builder_version=&#8221;4.27.4&#8243; _module_preset=&#8221;default&#8221; dbdb_arrows_text_color=&#8221;#FFFFFF&#8221; dbdb_version=&#8221;4.8.1&#8243; dbdb_slider_swipe_mode=&#8221;on&#8221; global_colors_info=&#8221;{}&#8221;][\/et_pb_gallery][\/et_pb_column][et_pb_column type=&#8221;2_3&#8243; _builder_version=&#8221;4.27.4&#8243; _module_preset=&#8221;default&#8221; global_colors_info=&#8221;{}&#8221;][et_pb_text _builder_version=&#8221;4.27.4&#8243; _module_preset=&#8221;default&#8221; text_font=&#8221;Work Sans|300|||||||&#8221; text_font_size=&#8221;16px&#8221; text_letter_spacing=&#8221;1px&#8221; text_line_height=&#8221;1.8em&#8221; header_font=&#8221;Work Sans|700|||||||&#8221; header_line_height=&#8221;0em&#8221; background_layout=&#8221;dark&#8221; custom_margin=&#8221;||||false|false&#8221; border_color_left=&#8221;#c5310d&#8221; global_colors_info=&#8221;{}&#8221; text_line_height__hover_enabled=&#8221;on|desktop&#8221; text_line_height__hover=&#8221;1.8em&#8221;]<\/p>\n<h4><strong>CITYNIZER PLAZA<\/strong><\/h4>\n<h5><span style=\"color: #ff0000;\">27 OUTUBRO 2024<\/span><\/h5>\n<p>\u201cThe Open Mic Tour\u201d de Urraca Lahm come\u00e7ou oficialmente. Este evento, mais do que apenas um open mic regular, foi um verdadeiro concerto. Foram interpretadas dez temas em cerca de 40 minutos. Um local muito acolhedor, com boas condi\u00e7\u00f5es de palco e som, e v\u00e1rios amigos na plateia. <strong>Setlist:<\/strong> \u201cNo Champagne\u201d, \u201cThe Soul of an Actor\u201d, \u201cTelling Me I\u2019m Dead\u201d, \u201cSomeday\u201d, \u201cWhat If There Was No Forever\u201d, \u201cPamela Brisbane\u201d, \u201cHalf a Girl\u201d, \u201cInescapable Paradise\u201d, \u201cStuck Between Years\u201d e \u201cLong Time No See\u201d.<\/p>\n<p>[\/et_pb_text][\/et_pb_column][\/et_pb_row][\/et_pb_section]<\/p>","protected":false},"excerpt":{"rendered":"<p>ACAD\u00c9MICO BAR 28 AUGUST 2025 A sports bar in Porto with an excellent Jam Session on Thursdays. Lots of equipment available, including an acoustic piano. Both songs were played with piano lead. Setlist: \u201cSomeday&#8221; and &#8220;Stupidities of the Past&#8221;.RUM BY MAVY 27 APRIL 2025 A coffee house with live music in Braga. Today there was [&hellip;]<\/p>","protected":false},"author":1,"featured_media":0,"parent":0,"menu_order":0,"comment_status":"closed","ping_status":"closed","template":"","meta":{"_et_pb_use_builder":"on","_et_pb_old_content":"","_et_gb_content_width":"","footnotes":""},"class_list":["post-1344","page","type-page","status-publish","hentry"],"aioseo_notices":[],"_links":{"self":[{"href":"http:\/\/urracalahm.com\/pt\/wp-json\/wp\/v2\/pages\/1344","targetHints":{"allow":["GET"]}}],"collection":[{"href":"http:\/\/urracalahm.com\/pt\/wp-json\/wp\/v2\/pages"}],"about":[{"href":"http:\/\/urracalahm.com\/pt\/wp-json\/wp\/v2\/types\/page"}],"author":[{"embeddable":true,"href":"http:\/\/urracalahm.com\/pt\/wp-json\/wp\/v2\/users\/1"}],"replies":[{"embeddable":true,"href":"http:\/\/urracalahm.com\/pt\/wp-json\/wp\/v2\/comments?post=1344"}],"version-history":[{"count":111,"href":"http:\/\/urracalahm.com\/pt\/wp-json\/wp\/v2\/pages\/1344\/revisions"}],"predecessor-version":[{"id":1866,"href":"http:\/\/urracalahm.com\/pt\/wp-json\/wp\/v2\/pages\/1344\/revisions\/1866"}],"wp:attachment":[{"href":"http:\/\/urracalahm.com\/pt\/wp-json\/wp\/v2\/media?parent=1344"}],"curies":[{"name":"wp","href":"https:\/\/api.w.org\/{rel}","templated":true}]}}