{"id":181,"date":"2024-11-02T12:39:11","date_gmt":"2024-11-02T12:39:11","guid":{"rendered":"http:\/\/urracalahm.com\/?page_id=181"},"modified":"2026-01-15T17:15:39","modified_gmt":"2026-01-15T17:15:39","slug":"history","status":"publish","type":"page","link":"http:\/\/urracalahm.com\/pt\/history\/","title":{"rendered":"PERCURSO"},"content":{"rendered":"<p>[et_pb_section fb_built=&#8221;1&#8243; fullwidth=&#8221;on&#8221; _builder_version=&#8221;4.27.4&#8243; _module_preset=&#8221;default&#8221; background_color=&#8221;#000000&#8243; background_enable_image=&#8221;off&#8221; background_enable_video_mp4=&#8221;off&#8221; background_enable_video_webm=&#8221;off&#8221; background_video_width=&#8221;1920&#8243; background_video_height=&#8221;1080&#8243; background_video_pause_outside_viewport=&#8221;off&#8221; min_height=&#8221;800px&#8221; max_height=&#8221;800px&#8221; background_last_edited=&#8221;on|desktop&#8221; global_colors_info=&#8221;{}&#8221;][et_pb_fullwidth_header title=&#8221;Timeline&#8221; text_orientation=&#8221;center&#8221; header_fullscreen=&#8221;on&#8221; title_tablet=&#8221;Timeline&#8221; title_phone=&#8221;Timeline&#8221; title_last_edited=&#8221;on|phone&#8221; _builder_version=&#8221;4.27.5&#8243; _module_preset=&#8221;default&#8221; title_font=&#8221;Work Sans|100|||||||&#8221; title_text_align=&#8221;center&#8221; title_font_size=&#8221;60px&#8221; background_enable_color=&#8221;off&#8221; use_background_color_gradient=&#8221;on&#8221; background_color_gradient_stops=&#8221;rgba(255,255,255,0) 32%|#000000 100%&#8221; background_color_gradient_overlays_image=&#8221;on&#8221; background_image=&#8221;https:\/\/urracalahm.com\/wp-content\/uploads\/2025\/05\/Imagem-WhatsApp-2025-05-30-as-14.38.26_92a9aa68.jpg&#8221; background_position=&#8221;top_center&#8221; min_height=&#8221;600px&#8221; max_height=&#8221;700px&#8221; hover_enabled=&#8221;0&#8243; title_font_size_tablet=&#8221;60px&#8221; title_font_size_phone=&#8221;50px&#8221; title_font_size_last_edited=&#8221;on|phone&#8221; global_colors_info=&#8221;{}&#8221; theme_builder_area=&#8221;post_content&#8221; sticky_enabled=&#8221;0&#8243;][\/et_pb_fullwidth_header][\/et_pb_section][et_pb_section fb_built=&#8221;1&#8243; _builder_version=&#8221;4.19.1&#8243; _module_preset=&#8221;default&#8221; background_color=&#8221;#000000&#8243; global_colors_info=&#8221;{}&#8221;][et_pb_row _builder_version=&#8221;4.19.1&#8243; _module_preset=&#8221;default&#8221; background_color=&#8221;#000000&#8243; global_colors_info=&#8221;{}&#8221;][et_pb_column type=&#8221;4_4&#8243; _builder_version=&#8221;4.19.1&#8243; _module_preset=&#8221;default&#8221; global_colors_info=&#8221;{}&#8221;][tmdivi_timeline timeline_color=&#8221;#8F8F8F&#8221; timeline_line_width=&#8221;3px&#8221; timeline_fill_setting=&#8221;on&#8221; timeline_fill_color=&#8221;#ff0000&#8243; label_font=&#8221;Work Sans||||||||&#8221; label_font_color=&#8221;#ff0000&#8243; label_font_size=&#8221;20px&#8221; story_background_color=&#8221;#000000&#8243; story_padding=&#8221;0px||||false|false&#8221; heading_font_color=&#8221;#FFFFFF&#8221; heading_background_color=&#8221;RGBA(255,255,255,0)&#8221; heading_text_size=&#8221;20px&#8221; heading_custom_padding=&#8221;12px||||false|false&#8221; description_font_color=&#8221;#FFFFFF&#8221; description_background_color=&#8221;#000000&#8243; description_text_size=&#8221;16px&#8221; _builder_version=&#8221;4.27.4&#8243; _module_preset=&#8221;default&#8221; heading_settings_font=&#8221;Work Sans|700|||||||&#8221; description_settings_font=&#8221;Work Sans|300|||||||&#8221; border_style_all_story_settings=&#8221;double&#8221; global_colors_info=&#8221;{}&#8221;][tmdivi_timeline_story show_label=&#8221;off&#8221; label_date=&#8221;8 JANUARY 2016&#8243; show_story_icon=&#8221;on&#8221; story_icons=&#8221;&#xe08e;||divi||400&#8243; story_title=&#8221;BEGINNING IN MUSIC&#8221; media=&#8221;https:\/\/urracalahm.com\/wp-content\/uploads\/2025\/03\/saxofone-1.jpg&#8221; _builder_version=&#8221;4.27.4&#8243; _module_preset=&#8221;default&#8221; global_colors_info=&#8221;{}&#8221;]<\/p>\n<p>O come\u00e7o de tudo. Foi aqui que tudo come\u00e7ou, com a primeira aula de saxofone. Nesse dia, a m\u00fasica entrou oficialmente na vida da Mafalda e nunca mais saiu. A partir daqui, a sua forma\u00e7\u00e3o foi longa e diversificada, incluindo piano, canto, composi\u00e7\u00e3o e at\u00e9 teatro.<\/p>\n<p>[\/tmdivi_timeline_story][tmdivi_timeline_story show_label=&#8221;off&#8221; label_date=&#8221;16 OCTOBER 2024&#8243; show_story_icon=&#8221;on&#8221; story_icons=&#8221;&#xf001;||fa||900&#8243; story_title=&#8221;%22ONE DAY ONE TAKE%22 &#8211; RECORDING DAY&#8221; media=&#8221;https:\/\/urracalahm.com\/wp-content\/uploads\/2025\/03\/one-day-one-take-record.jpg&#8221; _builder_version=&#8221;4.27.4&#8243; _module_preset=&#8221;default&#8221; global_colors_info=&#8221;{}&#8221;]<\/p>\n<p>Que dia incr\u00edvel a gravar 15 can\u00e7\u00f5es na Sala Ac\u00fastica da Backline Store. Acesso a equipamento de topo e grava\u00e7\u00e3o em \u00e1udio e v\u00eddeo pelo incompar\u00e1vel Emanuel Taborda. Uma oportunidade tornada poss\u00edvel por Jorge e Jo\u00e3o Oliveira. Obrigada!<\/p>\n<p>[\/tmdivi_timeline_story][tmdivi_timeline_story show_label=&#8221;off&#8221; label_date=&#8221;27 OCTOBER 2024&#8243; show_story_icon=&#8221;on&#8221; story_icons=&#8221;&#xf001;||fa||900&#8243; story_title=&#8221;%22THE OPEN MIC TOUR%22 HAS BEGUN&#8221; media=&#8221;https:\/\/urracalahm.com\/wp-content\/uploads\/2025\/05\/timeline-open-mic-tour.jpg&#8221; _builder_version=&#8221;4.27.4&#8243; _module_preset=&#8221;default&#8221; global_colors_info=&#8221;{}&#8221;]<\/p>\n<p>\u201cThe Open Mic Tour\u201d foi apresentada com uma atua\u00e7\u00e3o de 10 temas no Citynizer Plaza no Porto. Esta digress\u00e3o est\u00e1 planeada para decorrer ao longo de 2025, visitando v\u00e1rias cidades em diferentes pa\u00edses. Ser\u00e1 a melhor forma para a Urraca come\u00e7ar a mostrar o seu som ao vivo.<\/p>\n<p>[\/tmdivi_timeline_story][tmdivi_timeline_story show_label=&#8221;off&#8221; label_date=&#8221;4 MARCH 2025&#8243; show_story_icon=&#8221;on&#8221; story_icons=&#8221;&#xf001;||fa||900&#8243; story_title=&#8221;UPTOWN STUDIOS LONDON &#8211; RECORDING SESSIONS&#8221; media=&#8221;https:\/\/urracalahm.com\/wp-content\/uploads\/2025\/03\/galatis.jpg&#8221; _builder_version=&#8221;4.27.4&#8243; _module_preset=&#8221;default&#8221; global_colors_info=&#8221;{}&#8221;]<\/p>\n<p class=\"translation-block\">A nossa escolha para gravar os primeiros singles do \u00e1lbum de estreia recaiu sobre os Uptown Studios em Londres e o seu produtor altamente qualificado, Anthony Galatis. Dois dias para gravar as m\u00fasicas: \u201cLong Time No See\u201d e \u201cStupidities of the Past\u201d. Uma excelente decis\u00e3o!<\/p>\n<p>[\/tmdivi_timeline_story][tmdivi_timeline_story show_label=&#8221;off&#8221; label_date=&#8221;31 MARCH 2025&#8243; show_story_icon=&#8221;on&#8221; story_icons=&#8221;&#xf001;||fa||900&#8243; story_title=&#8221;%22ONE DAY ONE TAKE%22 &#8211; VIDEO ALBUM RELEASE&#8221; media=&#8221;https:\/\/urracalahm.com\/wp-content\/uploads\/2025\/03\/one-day-one-take-1.jpg&#8221; _builder_version=&#8221;4.27.4&#8243; _module_preset=&#8221;default&#8221; global_colors_info=&#8221;{}&#8221;]<\/p>\n<p>Foi decidido lan\u00e7ar <em data-start=\"22\" data-end=\"42\">&#8220;One Day One Take&#8221;<\/em> como um video\u00e1lbum com 10 temas. Uma sess\u00e3o ac\u00fastica ao vivo, gravada sem os refinamentos audio de um trabalho em est\u00fadio. mas com uma componente de imagem muito bem cuidada. O trabalho ideal para lan\u00e7ar neste formato.<\/p>\n<p>[\/tmdivi_timeline_story][\/tmdivi_timeline][\/et_pb_column][\/et_pb_row][\/et_pb_section]<\/p>","protected":false},"excerpt":{"rendered":"<p><div class=\"et_pb_with_border et_pb_module tmdivi_timeline tmdivi_timeline_0\">\n\t\t\t\t\n\t\t\t\t\n\t\t\t\t\n\t\t\t\t\n\t\t\t\t\n\t\t\t\t\n\t\t\t\t<div class=\"et_pb_module_inner\">\n\t\t\t\t\t\n\t\t\t\t<\/div>\n\t\t\t<\/div><div class=\"et_pb_module tmdivi_timeline_story tmdivi_timeline_story_0\">\n\t\t\t\t\n\t\t\t\t\n\t\t\t\t\n\t\t\t\t\n\t\t\t\t\n\t\t\t\t\n\t\t\t\t<div class=\"et_pb_module_inner\">\n\t\t\t\t\t<div class=\"tmdivi-story tmdivi-story-icon tmdivi-story-right\">\n                        <div class=\"tmdivi-labels\"><div class=\"tmdivi-label-big\">8 JANEIRO 2016<\/div><\/div><div class=\"tmdivi-icon\"><i class=\"et-tmdivi-icon\">&#xe08e;<\/i><\/div>\n                        <div class=\"tmdivi-arrow\"><\/div>\n                            <div class=\"tmdivi-content\">\n                                <div class=\"tmdivi-title\">IN\u00cdCIO NA M\u00daSICA<\/div><div class=\"tmdivi-media full\"><img decoding=\"async\" src=\"https:\/\/urracalahm.com\/wp-content\/uploads\/2025\/03\/saxofone-1.jpg\" alt=\"\" \/><\/div>\n                            <\/div>\n                    <\/div>\n\t\t\t\t<\/div>\n\t\t\t<\/div>The beginning of it all. This was where everything started, with the first saxophone lesson. On this [&hellip;]<\/p>","protected":false},"author":1,"featured_media":0,"parent":0,"menu_order":0,"comment_status":"closed","ping_status":"closed","template":"","meta":{"_et_pb_use_builder":"on","_et_pb_old_content":"","_et_gb_content_width":"","footnotes":""},"class_list":["post-181","page","type-page","status-publish","hentry"],"aioseo_notices":[],"_links":{"self":[{"href":"http:\/\/urracalahm.com\/pt\/wp-json\/wp\/v2\/pages\/181","targetHints":{"allow":["GET"]}}],"collection":[{"href":"http:\/\/urracalahm.com\/pt\/wp-json\/wp\/v2\/pages"}],"about":[{"href":"http:\/\/urracalahm.com\/pt\/wp-json\/wp\/v2\/types\/page"}],"author":[{"embeddable":true,"href":"http:\/\/urracalahm.com\/pt\/wp-json\/wp\/v2\/users\/1"}],"replies":[{"embeddable":true,"href":"http:\/\/urracalahm.com\/pt\/wp-json\/wp\/v2\/comments?post=181"}],"version-history":[{"count":112,"href":"http:\/\/urracalahm.com\/pt\/wp-json\/wp\/v2\/pages\/181\/revisions"}],"predecessor-version":[{"id":1881,"href":"http:\/\/urracalahm.com\/pt\/wp-json\/wp\/v2\/pages\/181\/revisions\/1881"}],"wp:attachment":[{"href":"http:\/\/urracalahm.com\/pt\/wp-json\/wp\/v2\/media?parent=181"}],"curies":[{"name":"wp","href":"https:\/\/api.w.org\/{rel}","templated":true}]}}