{"id":385,"date":"2024-11-03T19:50:44","date_gmt":"2024-11-03T19:50:44","guid":{"rendered":"http:\/\/urracalahm.com\/?page_id=385"},"modified":"2025-08-13T09:56:43","modified_gmt":"2025-08-13T09:56:43","slug":"bio","status":"publish","type":"page","link":"https:\/\/urracalahm.com\/pt\/bio\/","title":{"rendered":"BIO"},"content":{"rendered":"<p>[et_pb_section fb_built=&#8221;1&#8243; fullwidth=&#8221;on&#8221; _builder_version=&#8221;4.27.2&#8243; _module_preset=&#8221;default&#8221; background_color=&#8221;#000000&#8243; background_enable_image=&#8221;off&#8221; background_enable_video_mp4=&#8221;off&#8221; background_enable_video_webm=&#8221;off&#8221; background_video_width=&#8221;1920&#8243; background_video_height=&#8221;1080&#8243; background_video_pause_outside_viewport=&#8221;off&#8221; min_height=&#8221;800px&#8221; max_height=&#8221;800px&#8221; background_last_edited=&#8221;on|desktop&#8221; global_colors_info=&#8221;{}&#8221;][et_pb_fullwidth_header title=&#8221;Short bio&#8221; text_orientation=&#8221;center&#8221; header_fullscreen=&#8221;on&#8221; title_tablet=&#8221;Short bio&#8221; title_phone=&#8221;Short bio&#8221; title_last_edited=&#8221;on|phone&#8221; _builder_version=&#8221;4.27.4&#8243; _module_preset=&#8221;default&#8221; title_font=&#8221;Work Sans|100|||||||&#8221; title_text_align=&#8221;center&#8221; title_font_size=&#8221;60px&#8221; background_enable_color=&#8221;off&#8221; use_background_color_gradient=&#8221;on&#8221; background_color_gradient_stops=&#8221;rgba(255,255,255,0) 32%|#000000 100%&#8221; background_color_gradient_overlays_image=&#8221;on&#8221; background_image=&#8221;https:\/\/urracalahm.com\/wp-content\/uploads\/2025\/05\/Imagem-WhatsApp-2025-05-30-as-14.38.26_92a9aa68.jpg&#8221; background_position=&#8221;top_center&#8221; min_height=&#8221;600px&#8221; max_height=&#8221;700px&#8221; title_font_size_tablet=&#8221;60px&#8221; title_font_size_phone=&#8221;50px&#8221; title_font_size_last_edited=&#8221;on|phone&#8221; global_colors_info=&#8221;{}&#8221;][\/et_pb_fullwidth_header][\/et_pb_section][et_pb_section fb_built=&#8221;1&#8243; _builder_version=&#8221;4.27.4&#8243; _module_preset=&#8221;default&#8221; background_color=&#8221;#000000&#8243; global_colors_info=&#8221;{}&#8221;][et_pb_row _builder_version=&#8221;4.27.4&#8243; _module_preset=&#8221;default&#8221; background_color=&#8221;#000000&#8243; border_width_left=&#8221;1px&#8221; border_color_left=&#8221;#ff0000&#8243; global_colors_info=&#8221;{}&#8221;][et_pb_column type=&#8221;4_4&#8243; _builder_version=&#8221;4.27.4&#8243; _module_preset=&#8221;default&#8221; global_colors_info=&#8221;{}&#8221;][et_pb_text _builder_version=&#8221;4.27.4&#8243; _module_preset=&#8221;default&#8221; text_font=&#8221;Work Sans|300|||||||&#8221; text_font_size=&#8221;16px&#8221; text_letter_spacing=&#8221;1px&#8221; text_line_height=&#8221;1.8em&#8221; header_font=&#8221;Work Sans|700|||||||&#8221; background_layout=&#8221;dark&#8221; custom_margin=&#8221;|||30px|false|false&#8221; hover_enabled=&#8221;0&#8243; border_color_left=&#8221;#c5310d&#8221; global_colors_info=&#8221;{}&#8221; text_line_height__hover_enabled=&#8221;on|desktop&#8221; text_line_height__hover=&#8221;1.8em&#8221; sticky_enabled=&#8221;0&#8243;]<\/p>\n<p>Mafalda Cardoso Maia (nascida a 31 de Mar\u00e7o de 2007) conhecida no meio musical como <strong>Urraca Lahm<\/strong> \u00e9 uma compositora, cantora e instrumentista pop portuguesa, cuja m\u00fasica transforma qualquer palco, independentemente da dimens\u00e3o do p\u00fablico, numa experi\u00eancia intimista. Reconhecida pelas suas letras conceptuais e po\u00e9ticas, a Urraca cria can\u00e7\u00f5es que convidam o ouvinte a embarcar numa viagem pessoal. Cada tema \u00e9 uma paisagem sonora com m\u00faltiplas camadas, aberta \u00e0 interpreta\u00e7\u00e3o individual e \u00e0 liga\u00e7\u00e3o emocional. Esta abordagem \u00fanica cria um espa\u00e7o onde todos na plateia se sentem vistos e compreendidos, tornando cada atua\u00e7\u00e3o numa experi\u00eancia profundamente pessoal.<\/p>\n<p>O som da Urraca Lahm \u00e9 fruto de uma mistura de influ\u00eancias que v\u00e3o da m\u00fasica cl\u00e1ssica e  do pop aut\u00eantico, aos estilos ic\u00f3nicos do rock cl\u00e1ssico e progressivo. Para al\u00e9m do dom\u00ednio da m\u00fasica, a sua composi\u00e7\u00e3o \u00e9 profundamente inspirada por estados emocionais ou conceitos contrastantes. Superficial vs profundo, respira\u00e7\u00e3o vs quietude, arrependimento vs esperan\u00e7a\u2026 cora\u00e7\u00e3o vs cora\u00e7\u00e3o. Estas justaposi\u00e7\u00f5es inundam a sua m\u00fasica, de profundidade e energia, convidando os ouvintes a explorarem as suas pr\u00f3prias emo\u00e7\u00f5es e contradi\u00e7\u00f5es.<\/p>\n<p>[\/et_pb_text][\/et_pb_column][\/et_pb_row][\/et_pb_section]<\/p>","protected":false},"excerpt":{"rendered":"<p>Mafalda Cardoso Maia (born March 31, 2007) known professionally as Urraca Lahm is a Portuguese pop songwriter, singer, and musician whose music transforms every stage, no matter the size of the audience, into an intimate experience. Renowned for her conceptual and poetic lyrics, Urraca crafts songs that invite listeners to embark on a personal journey. [&hellip;]<\/p>","protected":false},"author":1,"featured_media":0,"parent":0,"menu_order":0,"comment_status":"closed","ping_status":"closed","template":"","meta":{"_et_pb_use_builder":"on","_et_pb_old_content":"","_et_gb_content_width":"","footnotes":""},"class_list":["post-385","page","type-page","status-publish","hentry"],"aioseo_notices":[],"_links":{"self":[{"href":"https:\/\/urracalahm.com\/pt\/wp-json\/wp\/v2\/pages\/385","targetHints":{"allow":["GET"]}}],"collection":[{"href":"https:\/\/urracalahm.com\/pt\/wp-json\/wp\/v2\/pages"}],"about":[{"href":"https:\/\/urracalahm.com\/pt\/wp-json\/wp\/v2\/types\/page"}],"author":[{"embeddable":true,"href":"https:\/\/urracalahm.com\/pt\/wp-json\/wp\/v2\/users\/1"}],"replies":[{"embeddable":true,"href":"https:\/\/urracalahm.com\/pt\/wp-json\/wp\/v2\/comments?post=385"}],"version-history":[{"count":67,"href":"https:\/\/urracalahm.com\/pt\/wp-json\/wp\/v2\/pages\/385\/revisions"}],"predecessor-version":[{"id":1850,"href":"https:\/\/urracalahm.com\/pt\/wp-json\/wp\/v2\/pages\/385\/revisions\/1850"}],"wp:attachment":[{"href":"https:\/\/urracalahm.com\/pt\/wp-json\/wp\/v2\/media?parent=385"}],"curies":[{"name":"wp","href":"https:\/\/api.w.org\/{rel}","templated":true}]}}